{"id":62,"date":"2026-02-27T19:04:22","date_gmt":"2026-02-27T19:04:22","guid":{"rendered":"https:\/\/netzwerk-mathildenviertel.de\/?page_id=62"},"modified":"2026-04-18T06:46:40","modified_gmt":"2026-04-18T06:46:40","slug":"petition","status":"publish","type":"page","link":"https:\/\/netzwerk-mathildenviertel.de\/index.php\/petition\/","title":{"rendered":"Petition"},"content":{"rendered":"\n<p><\/p>\n\n\n\n<p>In unserem gr\u00fcnderzeitlichen, denkmalgesch\u00fctzten Mathildenviertel soll auf dem Gel\u00e4nde Bieberer Str. 39 (u. a. Rewe-Getr\u00e4nkemarkt) ein Gro\u00dfprojekt mit bis zu 160 Wohnungen genehmigt werden. Der bisher bekannte Plan sieht eine Bebauung bis an die Grundst\u00fccksgrenzen mit einem 6-8 geschossigen Wohnkomplex vor. Dieses Vorhaben h\u00e4tte unter anderem folgende Auswirkungen:<\/p>\n\n\n\n<ul class=\"wp-block-list\">\n<li>Sch\u00e4den an den umliegenden Geb\u00e4uden durch die Bauarbeiten \u2013 wie bereits in der Vergangenheit aufgetreten (Setzrisse, Wasserrohrbr\u00fcche sowie Sch\u00e4den an Gehwegen und Hoffl\u00e4chen).<\/li>\n\n\n\n<li>Beeintr\u00e4chtigung der Kaltluftzufuhr vom Main und zus\u00e4tzliche klimatische Aufheizung des Quartiers in den Sommermonaten.<\/li>\n\n\n\n<li>Zunahme des Autoverkehrs sowie eine weitere Versch\u00e4rfung der bereits angespannten Parksituation.<\/li>\n\n\n\n<li>Potenzielle Auswirkungen auf den Mietspiegel im gesamten Viertel.<\/li>\n<\/ul>\n\n\n\n<p><strong>Auch wir bef\u00fcrworten Wohnungsneubau.<\/strong> Dennoch braucht unsere Stadt keine weiteren gesichtslosen Wohnbl\u00f6cke ohne st\u00e4dtebaulichen Bezug zur gewachsenen Umgebung. Stadtentwicklung bedeutet Verantwortung! Neue Geb\u00e4ude sollten das Quartier architektonisch, klimatisch und sozial bereichern und R\u00e4ume schaffen, in denen Menschen bezahlbar und gerne leben.<\/p>\n\n\n\n<p><strong>Wir fordern die Stadt auf, ein regul\u00e4res Bebauungsplanverfahren durchzuf\u00fchren.<\/strong> Nur so kann eine umfassende Pr\u00fcfung der hydrologischen, klimatischen und st\u00e4dtebaulichen Auswirkungen erfolgen und eine transparente B\u00fcrgerbeteiligung sichergestellt werden.<\/p>\n\n\n\n<p>Bitte unterschreiben Sie unsere Petition bei Campact:<br> <a href=\"https:\/\/weact.campact.de\/petitions\/gegen-das-mega-bauprojekt-am-mathildenplatz\" data-type=\"link\" data-id=\"https:\/\/weact.campact.de\/petitions\/gegen-das-mega-bauprojekt-am-mathildenplatz\" target=\"_blank\" rel=\"noreferrer noopener\">https:\/\/weact.campact.de\/petitions\/gegen-das-mega-bauprojekt-am-mathildenplatz<\/a><\/p>\n","protected":false},"excerpt":{"rendered":"<p>In unserem gr\u00fcnderzeitlichen, denkmalgesch\u00fctzten Mathildenviertel soll auf dem Gel\u00e4nde Bieberer Str. 39 (u. a. Rewe-Getr\u00e4nkemarkt) ein Gro\u00dfprojekt mit bis zu 160 Wohnungen genehmigt werden. Der bisher bekannte Plan sieht eine Bebauung bis an die Grundst\u00fccksgrenzen mit einem 6-8 geschossigen Wohnkomplex vor. Dieses Vorhaben h\u00e4tte unter anderem folgende Auswirkungen: Auch wir bef\u00fcrworten Wohnungsneubau. Dennoch braucht unsere [&hellip;]<\/p>\n","protected":false},"author":3,"featured_media":0,"parent":0,"menu_order":0,"comment_status":"closed","ping_status":"closed","template":"","meta":{"footnotes":""},"class_list":["post-62","page","type-page","status-publish","hentry"],"_links":{"self":[{"href":"https:\/\/netzwerk-mathildenviertel.de\/index.php\/wp-json\/wp\/v2\/pages\/62","targetHints":{"allow":["GET"]}}],"collection":[{"href":"https:\/\/netzwerk-mathildenviertel.de\/index.php\/wp-json\/wp\/v2\/pages"}],"about":[{"href":"https:\/\/netzwerk-mathildenviertel.de\/index.php\/wp-json\/wp\/v2\/types\/page"}],"author":[{"embeddable":true,"href":"https:\/\/netzwerk-mathildenviertel.de\/index.php\/wp-json\/wp\/v2\/users\/3"}],"replies":[{"embeddable":true,"href":"https:\/\/netzwerk-mathildenviertel.de\/index.php\/wp-json\/wp\/v2\/comments?post=62"}],"version-history":[{"count":14,"href":"https:\/\/netzwerk-mathildenviertel.de\/index.php\/wp-json\/wp\/v2\/pages\/62\/revisions"}],"predecessor-version":[{"id":150,"href":"https:\/\/netzwerk-mathildenviertel.de\/index.php\/wp-json\/wp\/v2\/pages\/62\/revisions\/150"}],"wp:attachment":[{"href":"https:\/\/netzwerk-mathildenviertel.de\/index.php\/wp-json\/wp\/v2\/media?parent=62"}],"curies":[{"name":"wp","href":"https:\/\/api.w.org\/{rel}","templated":true}]}}